{"id":6326,"date":"2024-04-25T10:12:17","date_gmt":"2024-04-25T10:12:17","guid":{"rendered":"https:\/\/bls.cpraedcourse.com\/solicitar-una-tarjeta-de-certificacion-rcp-de-sustitucion\/"},"modified":"2025-04-10T14:08:26","modified_gmt":"2025-04-10T14:08:26","slug":"solicitar-una-tarjeta-de-certificacion-rcp-de-sustitucion","status":"publish","type":"page","link":"https:\/\/bls.cpraedcourse.com\/es\/solicite-una-tarjeta-de-certificacion-de-rcp-de-reemplazo\/","title":{"rendered":"Solicitar una tarjeta de certificaci\u00f3n RCP de sustituci\u00f3n"},"content":{"rendered":"<h1>Solicite una tarjeta de certificaci\u00f3n de RCP de reemplazo<\/h1>\n<p>Nuestra tarjeta de certificaci\u00f3n ACLS\/Primeros Auxilios\/RCP est\u00e1 aceptada a nivel nacional y tiene una validez de dos a\u00f1os. Tambi\u00e9n puedes recibir una tarjeta de certificaci\u00f3n ACLS\/Primeros Auxilios\/RCP de cartera cuando completes un curso de renovaci\u00f3n ACLS\/Primeros Auxilios\/RCP.<\/p>\n<p>Si extrav\u00edas o pierdes tu tarjeta de certificaci\u00f3n ACLS o RCP o Primeros Auxilios, puedes pedir una tarjeta de sustituci\u00f3n del curso de certificaci\u00f3n. Puedes optar a una tarjeta de sustituci\u00f3n y a un certificado ACLS\/Primeros Auxilios\/RCP si los has adquirido al finalizar el curso de certificaci\u00f3n online. Ofrecemos tarjetas de sustituci\u00f3n para RCP, Primeros Auxilios, ACLS, Pat\u00f3genos de Transmisi\u00f3n Sangu\u00ednea y todos los dem\u00e1s cursos online que ofrecemos.<\/p>\n<h3>Contacta con nosotros inmediatamente<\/h3>\n<p>Sabemos que trabajas duro para completar tu curso de certificaci\u00f3n, y por eso te hemos facilitado la obtenci\u00f3n de una tarjeta y\/o certificado de sustituci\u00f3n.<\/p>\n<p>Puedes visitar nuestra p\u00e1gina Contacta con nosotros y enviarnos un correo electr\u00f3nico para solicitar una sustituci\u00f3n. O puedes ponerte en contacto con nuestro servicio de atenci\u00f3n al cliente llamando al <strong>1-888-277-7865<\/strong>. Nuestros representantes de ventas podr\u00e1n procesar tu solicitud de tarjeta de sustituci\u00f3n, con una tarifa de 4.99 $, y enviarte por correo otra copia impresa de tu tarjeta de certificaci\u00f3n de inmediato.<\/p>\n<p>Ll\u00e1manos en un plazo de 7 a 10 d\u00edas si no has recibido tu tarjeta de certificaci\u00f3n de cartera tras la compra inicial.<\/p>\n<div class=\"text-center\"><a class=\"comm-cta cta--hover-black md-uppercase\" href=\"\/contactus\" rel=\"noopener\">CONT\u00c1CTANOS<\/a><\/div>\n","protected":false},"excerpt":{"rendered":"<p>Solicite una tarjeta de certificaci\u00f3n de RCP de reemplazo Nuestra tarjeta de certificaci\u00f3n ACLS\/Primeros Auxilios\/RCP [&hellip;]<\/p>\n","protected":false},"author":1,"featured_media":0,"parent":0,"menu_order":0,"comment_status":"closed","ping_status":"closed","template":"template\/replacementcards.php","meta":{"_acf_changed":false,"inline_featured_image":false,"footnotes":""},"class_list":["post-6326","page","type-page","status-publish","hentry"],"acf":[],"aioseo_notices":[],"_links":{"self":[{"href":"https:\/\/bls.cpraedcourse.com\/es\/wp-json\/wp\/v2\/pages\/6326","targetHints":{"allow":["GET"]}}],"collection":[{"href":"https:\/\/bls.cpraedcourse.com\/es\/wp-json\/wp\/v2\/pages"}],"about":[{"href":"https:\/\/bls.cpraedcourse.com\/es\/wp-json\/wp\/v2\/types\/page"}],"author":[{"embeddable":true,"href":"https:\/\/bls.cpraedcourse.com\/es\/wp-json\/wp\/v2\/users\/1"}],"replies":[{"embeddable":true,"href":"https:\/\/bls.cpraedcourse.com\/es\/wp-json\/wp\/v2\/comments?post=6326"}],"version-history":[{"count":0,"href":"https:\/\/bls.cpraedcourse.com\/es\/wp-json\/wp\/v2\/pages\/6326\/revisions"}],"wp:attachment":[{"href":"https:\/\/bls.cpraedcourse.com\/es\/wp-json\/wp\/v2\/media?parent=6326"}],"curies":[{"name":"wp","href":"https:\/\/api.w.org\/{rel}","templated":true}]}}