{"id":6329,"date":"2024-04-25T10:19:59","date_gmt":"2024-04-25T10:19:59","guid":{"rendered":"https:\/\/bls.cpraedcourse.com\/reembolsos-y-garantia-de-devolucion\/"},"modified":"2024-11-12T16:13:44","modified_gmt":"2024-11-12T16:13:44","slug":"reembolsos-y-garantia-de-devolucion","status":"publish","type":"page","link":"https:\/\/bls.cpraedcourse.com\/es\/reembolsos-y-garantia-de-devolucion-de-dinero\/","title":{"rendered":"Reembolsos y garant\u00eda de devoluci\u00f3n"},"content":{"rendered":"\r\n<h1>Reembolsos y garant\u00eda de devoluci\u00f3n de dinero<\/h1>\r\n<p>&nbsp;<\/p>\r\n<p>Todos los cursos online de la American Health Care Academy son aceptados por muchas instituciones y organizaciones de todo Estados Unidos. Ofrecemos una <strong>garant\u00eda de devoluci\u00f3n del dinero de 30 d\u00edas<\/strong> si, por cualquier motivo, no se acepta la certificaci\u00f3n. Con AHCA tienes una <strong>garant\u00eda de devoluci\u00f3n del dinero 100% libre de riesgos.<\/strong><\/p>\r\n\r\n\r\n\r\n<p>La American HealthCare Academy tiene aceptaci\u00f3n nacional e internacional. Si <a href=\"https:\/\/app.cpraedcourse.com\/interactive\" target=\"_blank\" rel=\"noreferrer noopener\">la certificaci\u00f3n de la American Health Care Academy<\/a> no cumple tus requisitos, te reembolsaremos el importe \u00edntegro cuando puedas confirmar la denegaci\u00f3n. Si no est\u00e1s satisfecho con el contenido que tenemos disponible en nuestros cursos, es tu responsabilidad dejar de utilizar nuestro sitio web. No podemos reembolsarte el importe de un curso que ya hayas completado. Una vez que superes el cuestionario y puedas imprimir tu tarjeta monedero, no ofreceremos ning\u00fan reembolso. Te devolveremos el dinero si tu empresa\/instituci\u00f3n no acepta nuestro curso online, y si se puede confirmar esta negativa.<\/p>\r\n\r\n\r\n\r\n<p>Para solicitar un reembolso, tendr\u00e1s que enviar un correo electr\u00f3nico a American Health Care Academy a <a href=\"mailto:info@cpraedcourse.com\"> <strong>info@cpraedcourse.com<\/strong> <\/a> en los 30 d\u00edas siguientes al pago del curso. Una vez que el alumno haya pagado el curso, tendr\u00e1 acceso completo al contenido del curso y podr\u00e1 determinar si cumple sus requisitos. En el correo electr\u00f3nico incluye: tu nombre completo, direcci\u00f3n postal, direcci\u00f3n de correo electr\u00f3nico, nombre de la empresa que rechaza, n\u00famero de tel\u00e9fono de la empresa que rechaza, correo electr\u00f3nico de la empresa que rechaza y motivo por el que se solicita el reembolso.<\/p>\r\n\r\n\r\n\r\n<p>No reembolsamos los gastos de env\u00edo. Adem\u00e1s, si tienes dificultades t\u00e9cnicas, ponte en contacto con nosotros y responderemos encantados a cualquier pregunta. Por favor, no solicites un reembolso si simplemente tienes problemas t\u00e9cnicos.<\/p>\r\n","protected":false},"excerpt":{"rendered":"<p>Reembolsos y garant\u00eda de devoluci\u00f3n de dinero &nbsp; Todos los cursos online de la American [&hellip;]<\/p>\n","protected":false},"author":1,"featured_media":0,"parent":0,"menu_order":0,"comment_status":"closed","ping_status":"closed","template":"template\/money-back-guarantee.php","meta":{"_acf_changed":false,"inline_featured_image":false,"footnotes":""},"class_list":["post-6329","page","type-page","status-publish","hentry"],"acf":[],"aioseo_notices":[],"_links":{"self":[{"href":"https:\/\/bls.cpraedcourse.com\/es\/wp-json\/wp\/v2\/pages\/6329","targetHints":{"allow":["GET"]}}],"collection":[{"href":"https:\/\/bls.cpraedcourse.com\/es\/wp-json\/wp\/v2\/pages"}],"about":[{"href":"https:\/\/bls.cpraedcourse.com\/es\/wp-json\/wp\/v2\/types\/page"}],"author":[{"embeddable":true,"href":"https:\/\/bls.cpraedcourse.com\/es\/wp-json\/wp\/v2\/users\/1"}],"replies":[{"embeddable":true,"href":"https:\/\/bls.cpraedcourse.com\/es\/wp-json\/wp\/v2\/comments?post=6329"}],"version-history":[{"count":0,"href":"https:\/\/bls.cpraedcourse.com\/es\/wp-json\/wp\/v2\/pages\/6329\/revisions"}],"wp:attachment":[{"href":"https:\/\/bls.cpraedcourse.com\/es\/wp-json\/wp\/v2\/media?parent=6329"}],"curies":[{"name":"wp","href":"https:\/\/api.w.org\/{rel}","templated":true}]}}