{"id":6330,"date":"2024-04-25T10:22:00","date_gmt":"2024-04-25T10:22:00","guid":{"rendered":"https:\/\/bls.cpraedcourse.com\/politica-de-privacidad\/"},"modified":"2024-11-12T15:41:29","modified_gmt":"2024-11-12T15:41:29","slug":"politica-de-privacidad","status":"publish","type":"page","link":"https:\/\/bls.cpraedcourse.com\/es\/politica-de-privacidad\/","title":{"rendered":"Pol\u00edtica de Privacidad"},"content":{"rendered":"\r\n<h4 class=\"wp-block-heading\">(Tambi\u00e9n disponible en el sitio web de la American Health Care Academy en cpraedcourse.com)<\/h4>\r\n\r\n\r\n\r\n<p>Este documento describe las pol\u00edticas de privacidad practicadas por American Health Care Academy, en lo que se refiere a sus clientes y servicios ofrecidos. Cubre la recogida, uso y divulgaci\u00f3n de informaci\u00f3n personal que puede ser recogida por American Health Care Academy en cualquier momento en que interact\u00faes con American Health Care Academy, como cuando compras cursos de American Health Care Academy, visitas nuestro sitio web o cuando solicitas nuestro servicio de atenci\u00f3n al cliente\/informaci\u00f3n. Para tu comprensi\u00f3n, lee lo siguiente para conocer nuestras pr\u00e1cticas de informaci\u00f3n, qu\u00e9 informaci\u00f3n recopilamos, c\u00f3mo se utiliza, a qui\u00e9n revelamos esta informaci\u00f3n y c\u00f3mo protegemos tu informaci\u00f3n.<\/p>\r\n\r\n\r\n\r\n<h4 class=\"wp-block-heading\">Introducci\u00f3n<\/h4>\r\n\r\n\r\n\r\n<p>En American Health Care Academy reconocemos que la protecci\u00f3n de tu privacidad es importante. Este documento describe la informaci\u00f3n personal que recibimos y recopilamos cuando utilizas los servicios de American Health Care Academy. Esperamos que esto responda a tus preguntas y te permita determinar si deseas compartir tu informaci\u00f3n personal con nosotros.<\/p>\r\n\r\n\r\n\r\n<h4 class=\"wp-block-heading\">Datos personales que recogemos<\/h4>\r\n\r\n\r\n\r\n<p>Los servicios que ofrecemos requieren que te registres en una cuenta y nos facilites algunos datos personales b\u00e1sicos.<\/p>\r\n\r\n\r\n\r\n<p>Datos que proporcionas: American Health Care Academy recopila informaci\u00f3n personal cuando una persona interesada se registra para realizar un curso online en el sitio web; o si la persona proporciona voluntariamente esta informaci\u00f3n. Esta informaci\u00f3n se utiliza para proporcionar la certificaci\u00f3n adecuada a las personas que aprueban nuestros cursos.<\/p>\r\n\r\n\r\n\r\n<p>Comunicaci\u00f3n por correo electr\u00f3nico: Cuando env\u00edas a American Health Care Academy un correo electr\u00f3nico (u otro tipo de comunicaci\u00f3n), podemos conservarlos para procesar completamente tus solicitudes, y a efectos de registro.<\/p>\r\n\r\n\r\n\r\n<p>Cookies web: Cuando visitas American Health Care Academy una o m\u00e1s veces, una cookie -un peque\u00f1o archivo de texto enviado por un servidor a un navegador web, tras lo cual se env\u00eda un mensaje de vuelta al servidor cada vez que el navegador solicita una p\u00e1gina del servidor- puede almacenarse en tu ordenador. La mayor\u00eda de los navegadores est\u00e1n configurados para aceptar estas cookies, pero puedes restablecer tu navegador para que rechace o borre las cookies.<\/p>\r\n\r\n\r\n\r\n<p>Otras p\u00e1ginas: Esta pol\u00edtica de privacidad s\u00f3lo se aplica a las p\u00e1ginas y servicios propiedad de American Health Care Academy No tenemos control sobre los sitios que puedan aparecer como resultados de b\u00fasqueda o enlaces desde nuestros servicios. Estos otros sitios pueden ser el resultado de cookies Web o archivos existentes en tu ordenador, que tambi\u00e9n pueden estar extrayendo informaci\u00f3n de ti.<\/p>\r\n\r\n\r\n\r\n<h4 class=\"wp-block-heading\">C\u00f3mo podemos utilizar tus datos personales<\/h4>\r\n\r\n\r\n\r\n<p>Utilizaremos tus datos personales para imprimir y enviar por correo tu certificado oficial y tu tarjeta monedero, una vez que hayas completado con \u00e9xito el curso. Tambi\u00e9n utilizaremos esta informaci\u00f3n para informar sobre las horas de formaci\u00f3n continua u otros cr\u00e9ditos.<\/p>\r\n\r\n\r\n\r\n<p>La informaci\u00f3n de facturaci\u00f3n que proporciones ser\u00e1 utilizada por authorize.net para compensar (pagar) los servicios de formaci\u00f3n de American Health Care Academy; despu\u00e9s de que hayas dado tu consentimiento para pagar. Tambi\u00e9n podemos utilizar tu informaci\u00f3n personal con terceros, cuando\/si as\u00ed lo exigen los procesos legales. Utilizaremos esta informaci\u00f3n para ponernos en contacto contigo si tenemos alguna duda sobre los cursos en los que te has inscrito, direcci\u00f3n postal\/de correo electr\u00f3nico incorrecta, o en correspondencia de soporte, problemas t\u00e9cnicos, &amp; etc.<\/p>\r\n\r\n\r\n\r\n<p>Conservaremos tu informaci\u00f3n personal (excepto la informaci\u00f3n de facturaci\u00f3n) seg\u00fan sea necesario para los registros de la empresa.<\/p>\r\n\r\n\r\n\r\n<p>Nota: El Usuario puede negarse a proporcionarnos informaci\u00f3n personal. Sin embargo, los servicios de American Health Care Academy no funcionar\u00e1n correctamente o no funcionar\u00e1n en absoluto como consecuencia de ello.Protecci\u00f3n de la intimidad No compartiremos ni venderemos tu informaci\u00f3n personal sin tu consentimiento, a menos que lo ordene la ley.<\/p>\r\n\r\n\r\n\r\n<p>Tendremos constancia de la informaci\u00f3n de facturaci\u00f3n que nos facilites en el sitio web de la American Health Care Academy; sin embargo, s\u00f3lo se podr\u00e1 acceder a esta informaci\u00f3n a trav\u00e9s de autorize.net.<\/p>\r\n\r\n\r\n\r\n<p>Tomamos medidas de seguridad para proteger nuestro sistema contra el uso indebido, la p\u00e9rdida y\/o la alteraci\u00f3n de datos. Sin embargo, no somos responsables de ninguna informaci\u00f3n personal que env\u00edes a American Health Care Academy. Toda la informaci\u00f3n que facilites a American Health Care Academy se env\u00eda por tu cuenta y riesgo.<\/p>\r\n\r\n\r\n\r\n<p>No nos hacemos responsables si se produce un fallo de seguridad en autorize.net.<\/p>\r\n\r\n\r\n\r\n<h4 class=\"wp-block-heading\">Cuestiones de privacidad<\/h4>\r\n\r\n\r\n\r\n<p>Si tienes preguntas o dudas sobre la Pol\u00edtica de Privacidad de American Health Care Academy, env\u00edanos un correo electr\u00f3nico a <a href=\"mailto:info@cpraedcourse.com.\">info@cpraedcourse.com.<\/a><\/p>\r\n\r\n\r\n\r\n<div class=\"wp-block-columns personal-info is-layout-flex wp-container-core-columns-is-layout-9d6595d7 wp-block-columns-is-layout-flex\">\r\n<div class=\"wp-block-column is-layout-flow wp-block-column-is-layout-flow\" style=\"flex-basis: 100%;\">\r\n<h4 class=\"wp-block-heading\">\u00bfQu\u00e9 es la informaci\u00f3n personal?<\/h4>\r\n\r\n\r\n\r\n<p>La informaci\u00f3n personal es la que recopilamos cuando te registras por primera vez en la American Health Care Academy y cualquier informaci\u00f3n que proporciones para recibir Formaci\u00f3n Continua u otras horas de cr\u00e9dito. Esto incluye tu nombre y apellidos, direcci\u00f3n postal, direcci\u00f3n de correo electr\u00f3nico, n\u00famero de tel\u00e9fono, informaci\u00f3n de facturaci\u00f3n, n\u00fameros de licencia profesional e historial de cursos anteriores. Tu nombre, direcci\u00f3n y direcci\u00f3n de correo electr\u00f3nico se utilizan para el certificado oficial de finalizaci\u00f3n del curso y la tarjeta monedero. Cualquier informaci\u00f3n de facturaci\u00f3n que se proporcione se dirige \u00fanicamente a authorize.net<\/p>\r\n<\/div>\r\n<\/div>\r\n","protected":false},"excerpt":{"rendered":"<p>(Tambi\u00e9n disponible en el sitio web de la American Health Care Academy en cpraedcourse.com) Este [&hellip;]<\/p>\n","protected":false},"author":1,"featured_media":0,"parent":0,"menu_order":0,"comment_status":"closed","ping_status":"open","template":"template\/privacy-policy.php","meta":{"_acf_changed":false,"inline_featured_image":false,"footnotes":""},"class_list":["post-6330","page","type-page","status-publish","hentry"],"acf":[],"aioseo_notices":[],"_links":{"self":[{"href":"https:\/\/bls.cpraedcourse.com\/es\/wp-json\/wp\/v2\/pages\/6330","targetHints":{"allow":["GET"]}}],"collection":[{"href":"https:\/\/bls.cpraedcourse.com\/es\/wp-json\/wp\/v2\/pages"}],"about":[{"href":"https:\/\/bls.cpraedcourse.com\/es\/wp-json\/wp\/v2\/types\/page"}],"author":[{"embeddable":true,"href":"https:\/\/bls.cpraedcourse.com\/es\/wp-json\/wp\/v2\/users\/1"}],"replies":[{"embeddable":true,"href":"https:\/\/bls.cpraedcourse.com\/es\/wp-json\/wp\/v2\/comments?post=6330"}],"version-history":[{"count":0,"href":"https:\/\/bls.cpraedcourse.com\/es\/wp-json\/wp\/v2\/pages\/6330\/revisions"}],"wp:attachment":[{"href":"https:\/\/bls.cpraedcourse.com\/es\/wp-json\/wp\/v2\/media?parent=6330"}],"curies":[{"name":"wp","href":"https:\/\/api.w.org\/{rel}","templated":true}]}}